{"id":11,"date":"2024-01-28T21:40:03","date_gmt":"2024-01-28T21:40:03","guid":{"rendered":"https:\/\/service.iqos-retail-app.de\/?page_id=11"},"modified":"2025-03-25T15:13:13","modified_gmt":"2025-03-25T15:13:13","slug":"elementor-11","status":"publish","type":"page","link":"https:\/\/service.iqos-retail-app.de\/","title":{"rendered":"Startseite"},"content":{"rendered":"\t\t<div data-elementor-type=\"wp-post\" data-elementor-id=\"11\" class=\"elementor elementor-11\" data-elementor-post-type=\"page\">\n\t\t\t\t\t\t\t<div data-dce-background-color=\"#19CCBA\" data-dce-background-overlay-image-url=\"https:\/\/service.iqos-retail-app.de\/wp-content\/uploads\/2024\/01\/IQOS_Lockup_Vertical_Mono_IQOSSans_Neg_RGB.png\" class=\"elementor-element elementor-element-ee935d2 e-flex e-con-boxed e-con e-parent\" data-id=\"ee935d2\" data-element_type=\"container\" data-settings=\"{&quot;background_background&quot;:&quot;classic&quot;,&quot;content_width&quot;:&quot;boxed&quot;}\" data-core-v316-plus=\"true\">\n\t\t\t\t\t<div class=\"e-con-inner\">\n\t\t<div class=\"elementor-element elementor-element-17e4227 e-con-full e-flex e-con e-child\" data-id=\"17e4227\" data-element_type=\"container\" data-settings=\"{&quot;content_width&quot;:&quot;full&quot;}\">\n\t\t\t\t<div class=\"elementor-element elementor-element-3e823ec elementor-widget__width-initial elementor-button-align-stretch elementor-widget elementor-widget-form\" data-id=\"3e823ec\" data-element_type=\"widget\" id=\"custompin\" data-settings=\"{&quot;step_next_label&quot;:&quot;N\\u00e4chster&quot;,&quot;step_previous_label&quot;:&quot;Voriger&quot;,&quot;step_type&quot;:&quot;number_text&quot;,&quot;step_icon_shape&quot;:&quot;circle&quot;}\" data-widget_type=\"form.default\">\n\t\t\t\t<div class=\"elementor-widget-container\">\n\t\t\t<style>\/*! elementor-pro - v3.18.0 - 17-01-2024 *\/\n.elementor-button.elementor-hidden,.elementor-hidden{display:none}.e-form__step{width:100%}.e-form__step:not(.elementor-hidden){display:flex;flex-wrap:wrap}.e-form__buttons{flex-wrap:wrap}.e-form__buttons,.e-form__buttons__wrapper{display:flex}.e-form__indicators{display:flex;justify-content:space-between;align-items:center;flex-wrap:nowrap;font-size:13px;margin-bottom:var(--e-form-steps-indicators-spacing)}.e-form__indicators__indicator{display:flex;flex-direction:column;align-items:center;justify-content:center;flex-basis:0;padding:0 var(--e-form-steps-divider-gap)}.e-form__indicators__indicator__progress{width:100%;position:relative;background-color:var(--e-form-steps-indicator-progress-background-color);border-radius:var(--e-form-steps-indicator-progress-border-radius);overflow:hidden}.e-form__indicators__indicator__progress__meter{width:var(--e-form-steps-indicator-progress-meter-width,0);height:var(--e-form-steps-indicator-progress-height);line-height:var(--e-form-steps-indicator-progress-height);padding-right:15px;border-radius:var(--e-form-steps-indicator-progress-border-radius);background-color:var(--e-form-steps-indicator-progress-color);color:var(--e-form-steps-indicator-progress-meter-color);text-align:right;transition:width .1s linear}.e-form__indicators__indicator:first-child{padding-left:0}.e-form__indicators__indicator:last-child{padding-right:0}.e-form__indicators__indicator--state-inactive{color:var(--e-form-steps-indicator-inactive-primary-color,#c2cbd2)}.e-form__indicators__indicator--state-inactive [class*=indicator--shape-]:not(.e-form__indicators__indicator--shape-none){background-color:var(--e-form-steps-indicator-inactive-secondary-color,#fff)}.e-form__indicators__indicator--state-inactive object,.e-form__indicators__indicator--state-inactive svg{fill:var(--e-form-steps-indicator-inactive-primary-color,#c2cbd2)}.e-form__indicators__indicator--state-active{color:var(--e-form-steps-indicator-active-primary-color,#39b54a);border-color:var(--e-form-steps-indicator-active-secondary-color,#fff)}.e-form__indicators__indicator--state-active [class*=indicator--shape-]:not(.e-form__indicators__indicator--shape-none){background-color:var(--e-form-steps-indicator-active-secondary-color,#fff)}.e-form__indicators__indicator--state-active object,.e-form__indicators__indicator--state-active svg{fill:var(--e-form-steps-indicator-active-primary-color,#39b54a)}.e-form__indicators__indicator--state-completed{color:var(--e-form-steps-indicator-completed-secondary-color,#fff)}.e-form__indicators__indicator--state-completed [class*=indicator--shape-]:not(.e-form__indicators__indicator--shape-none){background-color:var(--e-form-steps-indicator-completed-primary-color,#39b54a)}.e-form__indicators__indicator--state-completed .e-form__indicators__indicator__label{color:var(--e-form-steps-indicator-completed-primary-color,#39b54a)}.e-form__indicators__indicator--state-completed .e-form__indicators__indicator--shape-none{color:var(--e-form-steps-indicator-completed-primary-color,#39b54a);background-color:initial}.e-form__indicators__indicator--state-completed object,.e-form__indicators__indicator--state-completed svg{fill:var(--e-form-steps-indicator-completed-secondary-color,#fff)}.e-form__indicators__indicator__icon{width:var(--e-form-steps-indicator-padding,30px);height:var(--e-form-steps-indicator-padding,30px);font-size:var(--e-form-steps-indicator-icon-size);border-width:1px;border-style:solid;display:flex;justify-content:center;align-items:center;overflow:hidden;margin-bottom:10px}.e-form__indicators__indicator__icon img,.e-form__indicators__indicator__icon object,.e-form__indicators__indicator__icon svg{width:var(--e-form-steps-indicator-icon-size);height:auto}.e-form__indicators__indicator__icon .e-font-icon-svg{height:1em}.e-form__indicators__indicator__number{width:var(--e-form-steps-indicator-padding,30px);height:var(--e-form-steps-indicator-padding,30px);border-width:1px;border-style:solid;display:flex;justify-content:center;align-items:center;margin-bottom:10px}.e-form__indicators__indicator--shape-circle{border-radius:50%}.e-form__indicators__indicator--shape-square{border-radius:0}.e-form__indicators__indicator--shape-rounded{border-radius:5px}.e-form__indicators__indicator--shape-none{border:0}.e-form__indicators__indicator__label{text-align:center}.e-form__indicators__indicator__separator{width:100%;height:var(--e-form-steps-divider-width);background-color:#babfc5}.e-form__indicators--type-icon,.e-form__indicators--type-icon_text,.e-form__indicators--type-number,.e-form__indicators--type-number_text{align-items:flex-start}.e-form__indicators--type-icon .e-form__indicators__indicator__separator,.e-form__indicators--type-icon_text .e-form__indicators__indicator__separator,.e-form__indicators--type-number .e-form__indicators__indicator__separator,.e-form__indicators--type-number_text .e-form__indicators__indicator__separator{margin-top:calc(var(--e-form-steps-indicator-padding, 30px) \/ 2 - var(--e-form-steps-divider-width, 1px) \/ 2)}.elementor-field-type-hidden{display:none}.elementor-field-type-html{display:inline-block}.elementor-field-type-tel input{direction:inherit}.elementor-login .elementor-lost-password,.elementor-login .elementor-remember-me{font-size:.85em}.elementor-field-type-recaptcha_v3 .elementor-field-label{display:none}.elementor-field-type-recaptcha_v3 .grecaptcha-badge{z-index:1}.elementor-button .elementor-form-spinner{order:3}.elementor-form .elementor-button>span{display:flex;justify-content:center;align-items:center}.elementor-form .elementor-button .elementor-button-text{white-space:normal;flex-grow:0}.elementor-form .elementor-button svg{height:auto}.elementor-form .elementor-button .e-font-icon-svg{height:1em}.elementor-select-wrapper .select-caret-down-wrapper{position:absolute;top:50%;transform:translateY(-50%);inset-inline-end:10px;pointer-events:none;font-size:11px}.elementor-select-wrapper .select-caret-down-wrapper svg{display:unset;width:1em;aspect-ratio:unset;fill:currentColor}.elementor-select-wrapper .select-caret-down-wrapper i{font-size:19px;line-height:2}.elementor-select-wrapper.remove-before:before{content:\"\"!important}<\/style><div class=\"dce-conditions-js-error-notice elementor-message elementor-message-danger\" style=\"display: none;\">A problem was detected in the following Form. Submitting it could result in errors. Please contact the site administrator.<\/div>\t\t\t<script>\n\t\t\tsetTimeout(function() {\n\t\t\t\tlet el = document.querySelector(\".dce-conditions-js-error-notice\");\n\t\t\t\tif (el)\n\t\t\t\t\tel.style.display = \"block\";\n\t\t\t}, 2000);\n\t\t\t<\/script>\t\t<form class=\"elementor-form\" method=\"post\" name=\"Neues Formular\">\n\t\t\t<input type=\"hidden\" name=\"post_id\" value=\"11\"\/>\n\t\t\t<input type=\"hidden\" name=\"form_id\" value=\"3e823ec\"\/>\n\t\t\t<input type=\"hidden\" name=\"referer_title\" value=\"\" \/>\n\n\t\t\t\n\t\t\t<div data-submit-conditions=\"[{&quot;expression&quot;:&quot;(pin == \\&quot;7023\\&quot;)&quot;,&quot;hide&quot;:&quot;hide&quot;}]\" data-field-ids=\"[&quot;pin&quot;]\" class=\"elementor-form-fields-wrapper elementor-labels-\">\n\t\t\t\t\t\t\t\t<div class=\"elementor-field-type-password elementor-field-group elementor-column elementor-field-group-pin elementor-col-100 elementor-field-required\">\n\t\t\t\t\t\t\t\t\t\t\t\t<label for=\"form-field-pin\" class=\"elementor-field-label elementor-screen-only\">\n\t\t\t\t\t\t\t\tPIN\t\t\t\t\t\t\t<\/label>\n\t\t\t\t\t\t\t\t\t\t\t\t\t\t<input size=\"1\" type=\"password\" name=\"form_fields[pin]\" id=\"form-field-pin\" class=\"elementor-field elementor-size-lg  elementor-field-textual\" placeholder=\"PIN hier eingeben\" required=\"required\" aria-required=\"true\">\n\t\t\t\t\t\t\t\t\t\t\t<\/div>\n\t\t\t\t\t\t\t\t<div class=\"elementor-field-group elementor-column elementor-field-type-submit elementor-col-100 e-form__buttons\">\n\t\t\t\t\t<button type=\"submit\" class=\"elementor-button elementor-size-sm\" id=\"submit\">\n\t\t\t\t\t\t<span >\n\t\t\t\t\t\t\t\t\t\t\t\t\t\t\t<span class=\" elementor-button-icon\">\n\t\t\t\t\t\t\t\t\t\t\t\t\t\t\t\t\t\t\t\t\t\t\t\t\t\t<\/span>\n\t\t\t\t\t\t\t\t\t\t\t\t\t\t\t\t\t\t\t\t\t\t<span class=\"elementor-button-text\">Anmelden<\/span>\n\t\t\t\t\t\t\t\t\t\t\t\t\t<\/span>\n\t\t\t\t\t<\/button>\n\t\t\t\t<\/div>\n\t\t\t<\/div>\n\t\t<\/form>\n\t\t\t\t<\/div>\n\t\t\t\t<\/div>\n\t\t\t\t<div class=\"elementor-element elementor-element-89851a1 elementor-widget elementor-widget-shortcode\" data-id=\"89851a1\" data-element_type=\"widget\" data-widget_type=\"shortcode.default\">\n\t\t\t\t<div class=\"elementor-widget-container\">\n\t\t\t\t\t<div class=\"elementor-shortcode\">\n    <style>\n\t\t#custompin input{\n\t\t\theight: 75px;\n    text-align: center;\n\t\t}\n        #customNumPad {\n\t\t\tmargin-top:25px;\n            display: grid;\n            grid-template-columns: repeat(3, 1fr);\n\t\t\tgap: 10px;\n            background-color: none;\n            border-radius: 5px;\n            width: 245px;\n\t\t\tmargin-right:auto;\n\t\t\tmargin-left:auto;\n\t\t\tz-index:5;\n        }\n\n        #customNumPad button {\n\t\t\tfont-family: \"IQOS brand\", Sans-serif;\n\t\t\tdisplay:flex;\n\t\t\tjustify-content:center;\n\t\t\talign-items:center;\n            padding: 5px;\n\t\t\tfont-weight:500;\n            font-size: 2.5rem;\n\t\t\theight:75px;\n\t\t\twidth:75px;\n\t\t\tcolor:black;\n\t\t\tborder-radius:20px;\n            border: 1px solid #fff;\n            background-color: #fff;\n            cursor: pointer;\n\t\t\tz-index:7;\n        }\n\t\t#customNumPad button:hover{\n\t\t\tbackground-color:whitesmoke;\n\t\t}\n    <\/style>\n\n    <script>\n        document.addEventListener('DOMContentLoaded', function () {\n            initNumPad();\n        });\n\n        function initNumPad() {\n            var numPad = document.createElement('div');\n            numPad.id = 'customNumPad';\n\n            var buttons = ['1', '2', '3', '4', '5', '6', '7', '8', '9',null,'0', '<'];\n\n            buttons.forEach(function (label) {\n                \n\t\t\t\tvar button = document.createElement('button');\n\t\t\t\tif(label===\"<\"){\n\t\t\t\t\tbutton.innerHTML='<svg xmlns=\"http:\/\/www.w3.org\/2000\/svg\" xmlns:xlink=\"http:\/\/www.w3.org\/1999\/xlink\" viewBox=\"0 0 100 100\" width=\"75px\" height=\"75px\" version=\"1.1\" x=\"0px\" y=\"0px\"><title>Delete 4.5<\/title><desc>Created with Sketch.<\/desc><g stroke=\"none\" stroke-width=\"1\" fill=\"none\" fill-rule=\"evenodd\"><g fill-rule=\"nonzero\" fill=\"#000000\"><path d=\"M46.5857864,41.4142136 L66.5857864,61.4142136 C67.366835,62.1952621 68.633165,62.1952621 69.4142136,61.4142136 C70.1952621,60.633165 70.1952621,59.366835 69.4142136,58.5857864 L49.4142136,38.5857864 C48.633165,37.8047379 47.366835,37.8047379 46.5857864,38.5857864 C45.8047379,39.366835 45.8047379,40.633165 46.5857864,41.4142136 Z\"\/><path d=\"M66.5857864,38.5857864 L46.5857864,58.5857864 C45.8047379,59.366835 45.8047379,60.633165 46.5857864,61.4142136 C47.366835,62.1952621 48.633165,62.1952621 49.4142136,61.4142136 L69.4142136,41.4142136 C70.1952621,40.633165 70.1952621,39.366835 69.4142136,38.5857864 C68.633165,37.8047379 67.366835,37.8047379 66.5857864,38.5857864 Z\"\/><path d=\"M37.5902378,35.2381893 L24.2381893,48.5902378 C23.4578796,49.3705476 23.4583386,50.6299115 24.2381893,51.4097622 L37.5902378,64.7618107 C38.7766474,65.9482203 41.3173777,67 42.9948438,67 L73.0051562,67 C74.1107457,67 75,66.109714 75,65.0051562 L75,34.9948438 C75,33.8892543 74.109714,33 73.0051562,33 L42.9948438,33 C41.3147287,33 38.7765339,34.0518932 37.5902378,35.2381893 Z M34.7618107,32.4097622 C36.6980682,30.4735047 40.2536021,29 42.9948438,29 L73.0051562,29 C76.3178155,29 79,31.6790764 79,34.9948438 L79,65.0051562 C79,68.3178155 76.3209236,71 73.0051562,71 L42.9948438,71 C40.2568138,71 36.6985796,69.5270067 34.7618107,67.5902378 L21.4097622,54.2381893 C19.0682758,51.8967029 19.0668935,48.1046794 21.4097622,45.7618107 L34.7618107,32.4097622 Z\"\/><\/g><\/g><\/svg>';\n\t\t\t\tbutton.firstChild.setAttribute(\"data-action\",\"<\")\n\t\t\t\t}else{\n                button.textContent = label;\n\t\t\t\t}\n                button.addEventListener('click', function (event) {\n\t\t\t\t\tif(label===\"<\") {\n\t\t\t\t\t\t\n\t\t\t\t\t\thandleButtonClick(event.target.getAttribute(\"data-action\"));\n\t\t\t\t\t}\n                    else handleButtonClick(event.target.textContent);\n                });\n\t\t\t\tif(!label) button.style.opacity=\"0\";\n\t\t\t\n                numPad.appendChild(button);\n            });\n\n            document.getElementById(\"custompin\").appendChild(numPad);\n        }\n\n        function handleButtonClick(value) {\n            let input = document.getElementById(\"form-field-pin\");\n\t\t\tconsole.log(\"input\",input);\n\t\t\tif(value === '<'){\n\t\t\t\tif(input) input.value=input.value.substr(0,input.value.length-1);\n\t\t\t\treturn;\n\t\t\t}\n\t\t\tif(input){\n\t\t\t\tinput.value+=value;\n\t\t\t}\n           \n\n            \/\/ Beispiel: Wenn 'C' (Clear) ausgew\u00e4hlt wurde, k\u00f6nnen Sie hier den aktuellen Zustand l\u00f6schen.\n            if (value === 'C') {\n\t\t\t\tif(input)input.value=\"\";\n                console.log('Clear wurde ausgew\u00e4hlt. Aktion durchf\u00fchren...');\n            }\n\t\t\tif(value === '<'){\n\t\t\t\tif(input) input.value=input.value.substr(0,input.value.length-1);\n\t\t\t}\n\t\t\tif(input && input.value.length>=4){\n\t\t\t\tlet submitButton = document.getElementById(\"submit\").click();\n\t\t\t\tif(input) input.value=\"\";\n\t\t\t}\n        }\n    <\/script>\n\n    <\/div>\n\t\t\t\t<\/div>\n\t\t\t\t<\/div>\n\t\t\t\t<\/div>\n\t\t<div class=\"elementor-element elementor-element-693bdf2 e-con-full e-flex e-con e-child\" data-id=\"693bdf2\" data-element_type=\"container\" data-settings=\"{&quot;content_width&quot;:&quot;full&quot;}\">\n\t\t\t\t<div class=\"elementor-element elementor-element-7afacb7 elementor-widget elementor-widget-text-editor\" data-id=\"7afacb7\" data-element_type=\"widget\" data-widget_type=\"text-editor.default\">\n\t\t\t\t<div class=\"elementor-widget-container\">\n\t\t\t<style>\/*! elementor - v3.18.0 - 20-12-2023 *\/\n.elementor-widget-text-editor.elementor-drop-cap-view-stacked .elementor-drop-cap{background-color:#69727d;color:#fff}.elementor-widget-text-editor.elementor-drop-cap-view-framed .elementor-drop-cap{color:#69727d;border:3px solid;background-color:transparent}.elementor-widget-text-editor:not(.elementor-drop-cap-view-default) .elementor-drop-cap{margin-top:8px}.elementor-widget-text-editor:not(.elementor-drop-cap-view-default) .elementor-drop-cap-letter{width:1em;height:1em}.elementor-widget-text-editor .elementor-drop-cap{float:left;text-align:center;line-height:1;font-size:50px}.elementor-widget-text-editor .elementor-drop-cap-letter{display:inline-block}<\/style>\t\t\t\t<p>Willkommen im<\/p>\t\t\t\t\t\t<\/div>\n\t\t\t\t<\/div>\n\t\t\t\t<div class=\"elementor-element elementor-element-884baf5 elementor-widget elementor-widget-heading\" data-id=\"884baf5\" data-element_type=\"widget\" data-widget_type=\"heading.default\">\n\t\t\t\t<div class=\"elementor-widget-container\">\n\t\t\t<style>\/*! elementor - v3.18.0 - 20-12-2023 *\/\n.elementor-heading-title{padding:0;margin:0;line-height:1}.elementor-widget-heading .elementor-heading-title[class*=elementor-size-]>a{color:inherit;font-size:inherit;line-height:inherit}.elementor-widget-heading .elementor-heading-title.elementor-size-small{font-size:15px}.elementor-widget-heading .elementor-heading-title.elementor-size-medium{font-size:19px}.elementor-widget-heading .elementor-heading-title.elementor-size-large{font-size:29px}.elementor-widget-heading .elementor-heading-title.elementor-size-xl{font-size:39px}.elementor-widget-heading .elementor-heading-title.elementor-size-xxl{font-size:59px}<\/style><h2 class=\"elementor-heading-title elementor-size-default\">Service-Bereich.<\/h2>\t\t<\/div>\n\t\t\t\t<\/div>\n\t\t\t\t<div class=\"elementor-element elementor-element-4851524 elementor-widget elementor-widget-text-editor\" data-id=\"4851524\" data-element_type=\"widget\" data-widget_type=\"text-editor.default\">\n\t\t\t\t<div class=\"elementor-widget-container\">\n\t\t\t\t\t\t\t<p>Dieser Bereich ist nur f\u00fcr IQOS-Mitarbeiter.<\/p>\t\t\t\t\t\t<\/div>\n\t\t\t\t<\/div>\n\t\t\t\t<div class=\"elementor-element elementor-element-92dda90 elementor-widget elementor-widget-text-editor\" data-id=\"92dda90\" data-element_type=\"widget\" data-widget_type=\"text-editor.default\">\n\t\t\t\t<div class=\"elementor-widget-container\">\n\t\t\t\t\t\t\t<p>Bitte melden Sie sich mit Ihrer PIN an.<\/p>\t\t\t\t\t\t<\/div>\n\t\t\t\t<\/div>\n\t\t\t\t<div class=\"elementor-element elementor-element-51c8c4b elementor-widget elementor-widget-html\" data-id=\"51c8c4b\" data-element_type=\"widget\" data-widget_type=\"html.default\">\n\t\t\t\t<div class=\"elementor-widget-container\">\n\t\t\t<script>\n\nfunction get(name){\n   const urlParams = new URLSearchParams(window.location.search);\n    return urlParams.get(name);\n}\n\n    function setCookie(cname, cvalue) {\n        \n  document.cookie = cname + \"=\" + cvalue + \";\";\n}\n\nlet id = get(\"store\");\nconsole.log(\"Query Param Store:\",id);\nsetCookie(\"ID\",id);\n\n<\/script>\t\t<\/div>\n\t\t\t\t<\/div>\n\t\t\t\t<\/div>\n\t\t\t\t\t<\/div>\n\t\t\t\t<\/div>\n\t\t\t\t\t\t\t<\/div>\n\t\t","protected":false},"excerpt":{"rendered":"<p>Willkommen im Service-Bereich. Dieser Bereich ist nur f\u00fcr IQOS-Mitarbeiter. Bitte melden Sie sich mit Ihrer PIN an.<\/p>\n","protected":false},"author":1,"featured_media":0,"parent":0,"menu_order":0,"comment_status":"closed","ping_status":"closed","template":"elementor_canvas","meta":{"footnotes":""},"class_list":["post-11","page","type-page","status-publish","hentry"],"acf":[],"_links":{"self":[{"href":"https:\/\/service.iqos-retail-app.de\/index.php?rest_route=\/wp\/v2\/pages\/11","targetHints":{"allow":["GET"]}}],"collection":[{"href":"https:\/\/service.iqos-retail-app.de\/index.php?rest_route=\/wp\/v2\/pages"}],"about":[{"href":"https:\/\/service.iqos-retail-app.de\/index.php?rest_route=\/wp\/v2\/types\/page"}],"author":[{"embeddable":true,"href":"https:\/\/service.iqos-retail-app.de\/index.php?rest_route=\/wp\/v2\/users\/1"}],"replies":[{"embeddable":true,"href":"https:\/\/service.iqos-retail-app.de\/index.php?rest_route=%2Fwp%2Fv2%2Fcomments&post=11"}],"version-history":[{"count":149,"href":"https:\/\/service.iqos-retail-app.de\/index.php?rest_route=\/wp\/v2\/pages\/11\/revisions"}],"predecessor-version":[{"id":207,"href":"https:\/\/service.iqos-retail-app.de\/index.php?rest_route=\/wp\/v2\/pages\/11\/revisions\/207"}],"wp:attachment":[{"href":"https:\/\/service.iqos-retail-app.de\/index.php?rest_route=%2Fwp%2Fv2%2Fmedia&parent=11"}],"curies":[{"name":"wp","href":"https:\/\/api.w.org\/{rel}","templated":true}]}}